{"id":85,"date":"2015-07-22T14:46:39","date_gmt":"2015-07-22T12:46:39","guid":{"rendered":"http:\/\/www.schach-trofaiach.com\/blog\/?page_id=85"},"modified":"2021-11-14T20:31:07","modified_gmt":"2021-11-14T19:31:07","slug":"impressum","status":"publish","type":"page","link":"https:\/\/www.schach-trofaiach.com\/blog\/impressum\/","title":{"rendered":"Impressum\/Kontakt"},"content":{"rendered":"<h2>Schachklub ALPINE Trofaiach<\/h2>\n<p>Schwabergweg 7<br \/>\n8793 Hafning bei Trofaiach<\/p>\n<p>Obmann: Dr. Gerd Mitter<br \/>\nTel.: 0650 6839893<br \/>\nE-Mail:\u00a0kontakt[at]schach-trofaiach.com<\/p>\n<p>ZVR-Zahl:\u00a0548520270<\/p>\n<h2>Organschaftliche Vertreter &#8211; 12.06.2015 &#8211; 11.06.2016<\/h2>\n<p><strong>Obmann<\/strong> &#8211; Dr. Gerd Mitter<br \/>\n<strong>Obmann Stellvertreter<\/strong> &#8211; Josef Dorfer<br \/>\n<strong>Kassier<\/strong> &#8211; Andreas Prednik<br \/>\n<strong>Kassier-Stellvertreter<\/strong> &#8211; Kevin Saiger<br \/>\n<strong>Schriftf\u00fchrer<\/strong> &#8211; Dr. Peter Stachel<br \/>\n<strong>Schriftf\u00fchrer<\/strong>\u00a0<strong>Stellvertreter<\/strong>\u00a0&#8211; Georg Zeiler<\/p>\n<h2>Haftungsausschluss<\/h2>\n<h3>Inhalt des Onlineangebotes<\/h3>\n<p>Der Autor \u00fcbernimmt keinerlei Gew\u00e4hr f\u00fcr die Aktualit\u00e4t, Richtigkeit und Vollst\u00e4ndigkeit der bereitgestellten Informationen auf unserer Website. Haftungsanspr\u00fcche gegen den Autor, welche sich auf Sch\u00e4den materieller oder ideeller Art beziehen, die durch die Nutzung oder Nichtnutzung der dargebotenen Informationen bzw. durch die Nutzung fehlerhafter und unvollst\u00e4ndiger Informationen verursacht wurden, sind grunds\u00e4tzlich ausgeschlossen, sofern seitens des Autors kein nachweislich vors\u00e4tzliches oder grob fahrl\u00e4ssiges Verschulden vorliegt.<\/p>\n<p>Alle Angebote sind freibleibend und unverbindlich. Der Autor beh\u00e4lt es sich ausdr\u00fccklich vor, Teile der Seiten oder das gesamte Angebot ohne gesonderte Ank\u00fcndigung zu ver\u00e4ndern, zu erg\u00e4nzen, zu l\u00f6schen oder die Ver\u00f6ffentlichung zeitweise oder endg\u00fcltig einzustellen.<\/p>\n<h3>Verweise und Links<\/h3>\n<p>Bei direkten oder indirekten Verweisen auf fremde Webseiten (\u201cHyperlinks\u201d), die au\u00dferhalb des Verantwortungsbereiches des Autors liegen, w\u00fcrde eine Haftungsverpflichtung ausschlie\u00dflich in dem Fall in Kraft treten, in dem der Autor von den Inhalten Kenntnis hat und es ihm technisch m\u00f6glich und zumutbar w\u00e4re, die Nutzung im Falle rechtswidriger Inhalte zu verhindern.<\/p>\n<p>Der Autor erkl\u00e4rt hiermit ausdr\u00fccklich, dass zum Zeitpunkt der Linksetzung keine illegalen Inhalte auf den zu verlinkenden Seiten erkennbar waren. Auf die aktuelle und zuk\u00fcnftige Gestaltung, die Inhalte oder die Urheberschaft der verlinkten\/verkn\u00fcpften Seiten hat der Autor keinerlei Einfluss. Deshalb distanziert er sich hiermit ausdr\u00fccklich von allen Inhalten aller verlinkten \/verkn\u00fcpften Seiten, die nach der Linksetzung ver\u00e4ndert wurden. Diese Feststellung gilt f\u00fcr alle innerhalb des eigenen Internetangebotes gesetzten Links und Verweise sowie f\u00fcr Fremdeintr\u00e4ge in vom Autor eingerichteten G\u00e4steb\u00fcchern, Diskussionsforen, Linkverzeichnissen, Mailinglisten und in allen anderen Formen von Datenbanken, auf deren Inhalt externe Schreibzugriffe m\u00f6glich sind. F\u00fcr illegale, fehlerhafte oder unvollst\u00e4ndige Inhalte und insbesondere f\u00fcr Sch\u00e4den, die aus der Nutzung oder Nichtnutzung solcherart dargebotener Informationen entstehen, haftet allein der Anbieter der Seite, auf welche verwiesen wurde, nicht derjenige, der \u00fcber Links auf die jeweilige Ver\u00f6ffentlichung lediglich verweist.<\/p>\n<h3>Urheber- und Kennzeichenrecht<\/h3>\n<p>Der Autor ist bestrebt, in allen Publikationen die Urheberrechte der verwendeten Bilder, Grafiken, Tondokumente, Videosequenzen und Texte zu beachten, von ihm selbst erstellte Bilder, Grafiken, Tondokumente, Videosequenzen und Texte zu nutzen oder auf lizenzfreie Grafiken, Tondokumente, Videosequenzen und Texte zur\u00fcckzugreifen.<\/p>\n<p>Alle innerhalb des Internetangebotes genannten und ggf. durch Dritte gesch\u00fctzten Marken- und Warenzeichen unterliegen uneingeschr\u00e4nkt den Bestimmungen des jeweils g\u00fcltigen Kennzeichenrechts und den Besitzrechten der jeweiligen eingetragenen Eigent\u00fcmer. Allein aufgrund der blo\u00dfen Nennung ist nicht der Schluss zu ziehen, dass Markenzeichen nicht durch Rechte Dritter gesch\u00fctzt sind!<\/p>\n<p>Das Copyright f\u00fcr ver\u00f6ffentlichte, vom Autor selbst erstellte Objekte bleibt allein beim Autor der Seiten. Eine Vervielf\u00e4ltigung oder Verwendung solcher Grafiken, Tondokumente, Videosequenzen und Texte in anderen elektronischen oder gedruckten Publikationen ist ohne ausdr\u00fcckliche Zustimmung des Autors nicht gestattet.<\/p>\n<h3>Datenschutz<\/h3>\n<p>Sofern innerhalb des Internetangebotes die M\u00f6glichkeit zur Eingabe pers\u00f6nlicher oder gesch\u00e4ftlicher Daten (Emailadressen, Namen, Anschriften) besteht, so erfolgt die Preisgabe dieser Daten seitens des Nutzers auf ausdr\u00fccklich freiwilliger Basis. Die Inanspruchnahme und Bezahlung aller angebotenen Dienste ist \u2013 soweit technisch m\u00f6glich und zumutbar \u2013 auch ohne Angabe solcher Daten bzw. unter Angabe anonymisierter Daten oder eines Pseudonyms gestattet. Die Nutzung der im Rahmen des Impressums oder vergleichbarer Angaben ver\u00f6ffentlichten Kontaktdaten wie Postanschriften, Telefon- und Faxnummern sowie Emailadressen durch Dritte zur \u00dcbersendung von nicht ausdr\u00fccklich angeforderten Informationen ist nicht gestattet. Rechtliche Schritte gegen die Versender von sogenannten Spam-Mails bei Verst\u00f6ssen gegen dieses Verbot sind ausdr\u00fccklich vorbehalten.<\/p>\n<h3>Datenschutzerkl\u00e4rung f\u00fcr die Nutzung von Google Analytics<\/h3>\n<p>Diese Website benutzt Google Analytics, einen Webanalysedienst der Google Inc. (\u201eGoogle\u201c). Google Analytics verwendet sog. \u201eCookies\u201c, Textdateien, die auf Ihrem Computer gespeichert werden und die eine Analyse der Benutzung der Website durch Sie erm\u00f6glichen. Die durch den Cookie erzeugten Informationen \u00fcber Ihre Benutzung dieser Website werden in der Regel an einen Server von Google in den USA \u00fcbertragen und dort gespeichert.<\/p>\n<p>Im Falle der Aktivierung der IP-Anonymisierung auf dieser Webseite, wird Ihre IP-Adresse von Google jedoch innerhalb von Mitgliedstaaten der Europ\u00e4ischen Union oder in anderen Vertragsstaaten des Abkommens \u00fcber den Europ\u00e4ischen Wirtschaftsraum zuvor gek\u00fcrzt. Nur in Ausnahmef\u00e4llen wird die volle IP-Adresse an einen Server von Google in den USA \u00fcbertragen und dort gek\u00fcrzt. Im Auftrag des Betreibers dieser Website wird Google diese Informationen benutzen, um Ihre Nutzung der Website auszuwerten, um Reports \u00fcber die Websiteaktivit\u00e4ten zusammenzustellen und um weitere mit der Websitenutzung und der Internetnutzung verbundene Dienstleistungen gegen\u00fcber dem Websitebetreiber zu erbringenDie im Rahmen von Google Analytics von Ihrem Browser \u00fcbermittelte IP-Adresse wird nicht mit anderen Daten von Google zusammengef\u00fchrt.<\/p>\n<p>Sie k\u00f6nnen die Speicherung der Cookies durch eine entsprechende Einstellung Ihrer Browser-Software verhindern; wir weisen Sie jedoch darauf hin, dass Sie in diesem Fall gegebenenfalls nicht s\u00e4mtliche Funktionen dieser Website vollumf\u00e4nglich werden nutzen k\u00f6nnen. Sie k\u00f6nnen dar\u00fcber hinaus die Erfassung der durch das Cookie erzeugten und auf Ihre Nutzung der Website bezogenen Daten (inkl. Ihrer IP-Adresse) an Google sowie die Verarbeitung dieser Daten durch Google verhindern, indem sie das unter dem folgenden Link verf\u00fcgbare Browser-Plugin herunterladen und installieren http:\/\/tools.google.com\/dlpage\/gaoptout?hl=de.<\/p>\n<p>Quelle: <a href=\"http:\/\/www.haftungsausschluss.org\/\">Disclaimer Vorlage<\/a> von <a href=\"http:\/\/www.haftungsausschluss-vorlage.de\/haftungsausschluss\/\">Haftungsausschluss-Vorlage.de<\/a> und <a href=\"http:\/\/www.datenschutzgesetz.de\/\">Datenschutzgesetz.de<\/a><\/p>\n","protected":false},"excerpt":{"rendered":"<p>Schachklub ALPINE Trofaiach Schwabergweg 7 8793 Hafning bei Trofaiach Obmann: Dr. Gerd Mitter Tel.: 0650 6839893 E-Mail:\u00a0kontakt[at]schach-trofaiach.com ZVR-Zahl:\u00a0548520270 Organschaftliche Vertreter &#8211; 12.06.2015 &#8211; 11.06.2016 Obmann &#8211; Dr. Gerd Mitter Obmann Stellvertreter &#8211; Josef Dorfer Kassier &#8211; Andreas Prednik Kassier-Stellvertreter &#8211; Kevin Saiger Schriftf\u00fchrer &#8211; Dr. Peter Stachel Schriftf\u00fchrer\u00a0Stellvertreter\u00a0&#8211; Georg Zeiler Haftungsausschluss Inhalt des Onlineangebotes Der &hellip; <a href=\"https:\/\/www.schach-trofaiach.com\/blog\/impressum\/\" class=\"more-link\"><span class=\"screen-reader-text\">Impressum\/Kontakt<\/span> weiterlesen<\/a><\/p>\n","protected":false},"author":133,"featured_media":0,"parent":0,"menu_order":0,"comment_status":"open","ping_status":"open","template":"","meta":{"_crdt_document":"","footnotes":""},"class_list":["post-85","page","type-page","status-publish","hentry"],"jetpack_sharing_enabled":true,"jetpack_shortlink":"https:\/\/wp.me\/P7dg7S-1n","jetpack-related-posts":[],"_links":{"self":[{"href":"https:\/\/www.schach-trofaiach.com\/blog\/wp-json\/wp\/v2\/pages\/85","targetHints":{"allow":["GET"]}}],"collection":[{"href":"https:\/\/www.schach-trofaiach.com\/blog\/wp-json\/wp\/v2\/pages"}],"about":[{"href":"https:\/\/www.schach-trofaiach.com\/blog\/wp-json\/wp\/v2\/types\/page"}],"author":[{"embeddable":true,"href":"https:\/\/www.schach-trofaiach.com\/blog\/wp-json\/wp\/v2\/users\/133"}],"replies":[{"embeddable":true,"href":"https:\/\/www.schach-trofaiach.com\/blog\/wp-json\/wp\/v2\/comments?post=85"}],"version-history":[{"count":13,"href":"https:\/\/www.schach-trofaiach.com\/blog\/wp-json\/wp\/v2\/pages\/85\/revisions"}],"predecessor-version":[{"id":3294,"href":"https:\/\/www.schach-trofaiach.com\/blog\/wp-json\/wp\/v2\/pages\/85\/revisions\/3294"}],"wp:attachment":[{"href":"https:\/\/www.schach-trofaiach.com\/blog\/wp-json\/wp\/v2\/media?parent=85"}],"curies":[{"name":"wp","href":"https:\/\/api.w.org\/{rel}","templated":true}]}}